{"id":38,"date":"2024-03-21T18:39:42","date_gmt":"2024-03-21T23:39:42","guid":{"rendered":"https:\/index.php\/kickstar-about-page\/"},"modified":"2024-05-15T21:57:56","modified_gmt":"2024-05-16T02:57:56","slug":"nosotros","status":"publish","type":"page","link":"https:\/\/ligadefutboldelatlantico.com\/index.php\/nosotros\/","title":{"rendered":"Nosotros &#8211; Liga de futbol Atl\u00e1ntico"},"content":{"rendered":"\t\t<div data-elementor-type=\"wp-page\" data-elementor-id=\"38\" class=\"elementor elementor-38\" data-elementor-post-type=\"page\">\n\t\t\t\t\t\t<section class=\"elementor-section elementor-top-section elementor-element elementor-element-119d814 elementor-section-full_width elementor-section-height-min-height elementor-section-height-default elementor-section-items-middle\" data-id=\"119d814\" data-element_type=\"section\" data-settings=\"{&quot;background_background&quot;:&quot;classic&quot;}\">\n\t\t\t\t\t\t<div class=\"elementor-container elementor-column-gap-default\">\n\t\t\t\t\t<div class=\"elementor-column elementor-col-100 elementor-top-column elementor-element elementor-element-e9d5b41\" data-id=\"e9d5b41\" data-element_type=\"column\">\n\t\t\t<div class=\"elementor-widget-wrap elementor-element-populated\">\n\t\t\t\t\t\t<section class=\"elementor-section elementor-inner-section elementor-element elementor-element-41701cd elementor-section-boxed elementor-section-height-default elementor-section-height-default\" data-id=\"41701cd\" data-element_type=\"section\">\n\t\t\t\t\t\t<div class=\"elementor-container elementor-column-gap-default\">\n\t\t\t\t\t<div class=\"elementor-column elementor-col-100 elementor-inner-column elementor-element elementor-element-9d64b83\" data-id=\"9d64b83\" data-element_type=\"column\">\n\t\t\t<div class=\"elementor-widget-wrap elementor-element-populated\">\n\t\t\t\t\t\t<div class=\"elementor-element elementor-element-e1b1845 elementor-widget elementor-widget-heading\" data-id=\"e1b1845\" data-element_type=\"widget\" data-widget_type=\"heading.default\">\n\t\t\t\t<div class=\"elementor-widget-container\">\n\t\t\t\t\t<h2 class=\"elementor-heading-title elementor-size-default\">SOBRE NOSOTROS<\/h2>\t\t\t\t<\/div>\n\t\t\t\t<\/div>\n\t\t\t\t\t<\/div>\n\t\t<\/div>\n\t\t\t\t\t<\/div>\n\t\t<\/section>\n\t\t\t\t\t<\/div>\n\t\t<\/div>\n\t\t\t\t\t<\/div>\n\t\t<\/section>\n\t\t\t\t<section class=\"elementor-section elementor-top-section elementor-element elementor-element-42f3063 elementor-section-boxed elementor-section-height-default elementor-section-height-default\" data-id=\"42f3063\" data-element_type=\"section\" data-settings=\"{&quot;background_background&quot;:&quot;classic&quot;}\">\n\t\t\t\t\t\t<div class=\"elementor-container elementor-column-gap-default\">\n\t\t\t\t\t<div class=\"elementor-column elementor-col-100 elementor-top-column elementor-element elementor-element-7bfba42\" data-id=\"7bfba42\" data-element_type=\"column\">\n\t\t\t<div class=\"elementor-widget-wrap elementor-element-populated\">\n\t\t\t\t\t\t<div class=\"elementor-element elementor-element-b428b55 elementor-widget__width-initial elementor-absolute elementor-widget elementor-widget-heading\" data-id=\"b428b55\" data-element_type=\"widget\" data-settings=\"{&quot;motion_fx_motion_fx_scrolling&quot;:&quot;yes&quot;,&quot;motion_fx_translateX_effect&quot;:&quot;yes&quot;,&quot;motion_fx_translateX_speed&quot;:{&quot;unit&quot;:&quot;px&quot;,&quot;size&quot;:1,&quot;sizes&quot;:[]},&quot;_position&quot;:&quot;absolute&quot;,&quot;motion_fx_translateX_affectedRange&quot;:{&quot;unit&quot;:&quot;%&quot;,&quot;size&quot;:&quot;&quot;,&quot;sizes&quot;:{&quot;start&quot;:0,&quot;end&quot;:100}},&quot;motion_fx_devices&quot;:[&quot;desktop&quot;,&quot;tablet&quot;,&quot;mobile&quot;]}\" data-widget_type=\"heading.default\">\n\t\t\t\t<div class=\"elementor-widget-container\">\n\t\t\t\t\t<h2 class=\"elementor-heading-title elementor-size-default\">Club History<\/h2>\t\t\t\t<\/div>\n\t\t\t\t<\/div>\n\t\t\t\t<section class=\"elementor-section elementor-inner-section elementor-element elementor-element-6f8278c elementor-section-content-middle elementor-section-boxed elementor-section-height-default elementor-section-height-default\" data-id=\"6f8278c\" data-element_type=\"section\">\n\t\t\t\t\t\t<div class=\"elementor-container elementor-column-gap-default\">\n\t\t\t\t\t<div class=\"elementor-column elementor-col-50 elementor-inner-column elementor-element elementor-element-96e3bf1\" data-id=\"96e3bf1\" data-element_type=\"column\">\n\t\t\t<div class=\"elementor-widget-wrap elementor-element-populated\">\n\t\t\t\t\t\t<div class=\"elementor-element elementor-element-cb6a33d elementor-widget elementor-widget-heading\" data-id=\"cb6a33d\" data-element_type=\"widget\" data-widget_type=\"heading.default\">\n\t\t\t\t<div class=\"elementor-widget-container\">\n\t\t\t\t\t<p class=\"elementor-heading-title elementor-size-default\">Club History<\/p>\t\t\t\t<\/div>\n\t\t\t\t<\/div>\n\t\t\t\t<div class=\"elementor-element elementor-element-666866f elementor-widget elementor-widget-eael-dual-color-header\" data-id=\"666866f\" data-element_type=\"widget\" data-widget_type=\"eael-dual-color-header.default\">\n\t\t\t\t<div class=\"elementor-widget-container\">\n\t\t\t\t\t\t\t\t<div class=\"eael-dual-header\">\n\t\t\t\t<h2 class=\"title eael-dch-title\"><span class=\"eael-dch-title-text eael-dch-title-lead lead solid-color\">HISTORIA DE LA<\/span> <span class=\"eael-dch-title-text\">LIGA<\/span><\/h2>\t\t\t<\/div>\n\n\t\t\t\t\t\t<\/div>\n\t\t\t\t<\/div>\n\t\t\t\t<div class=\"elementor-element elementor-element-b69d834 elementor-widget-mobile__width-inherit elementor-widget elementor-widget-heading\" data-id=\"b69d834\" data-element_type=\"widget\" data-widget_type=\"heading.default\">\n\t\t\t\t<div class=\"elementor-widget-container\">\n\t\t\t\t\t<p class=\"elementor-heading-title elementor-size-default\">La Liga de F\u00fatbol del Atl\u00e1ntico, fundada el 12 de octubre de 1924, es registrada en la historia del f\u00fatbol colombiano como la pionera de todas las ligas deportivas. La Liga de Futbol del Atl\u00e1ntico, ha sido fiel a sus principios de fundaci\u00f3n y de quienes emprendieron, hace casi 100 a\u00f1os, la feliz idea de hacer del balompi\u00e9 una empresa planificada, organizada y desarrollada bajo principios b\u00e1sicos de honestidad y responsabilidad al servicio del deporte y sus practicantes.\n\nEl sello indeleble e inconfundible de su creaci\u00f3n, le identificar\u00e1 por siempre como las madres de todas las dem\u00e1s, siendo un distintivo m\u00e1s para nuestro departamento, pionero en grandes acontecimientos nacionales. <\/p>\t\t\t\t<\/div>\n\t\t\t\t<\/div>\n\t\t\t\t\t<\/div>\n\t\t<\/div>\n\t\t\t\t<div class=\"elementor-column elementor-col-50 elementor-inner-column elementor-element elementor-element-f5f7561\" data-id=\"f5f7561\" data-element_type=\"column\">\n\t\t\t<div class=\"elementor-widget-wrap elementor-element-populated\">\n\t\t\t\t\t\t<div class=\"elementor-element elementor-element-2631888 elementor-widget elementor-widget-image\" data-id=\"2631888\" data-element_type=\"widget\" data-widget_type=\"image.default\">\n\t\t\t\t<div class=\"elementor-widget-container\">\n\t\t\t\t\t\t\t\t\t\t\t\t\t\t\t<img fetchpriority=\"high\" decoding=\"async\" width=\"630\" height=\"750\" src=\"https:\/\/ligadefutboldelatlantico.com\/wp-content\/uploads\/2024\/03\/98c6a344-about-right-image.jpg\" class=\"attachment-full size-full wp-image-40\" alt=\"\" srcset=\"https:\/\/ligadefutboldelatlantico.com\/wp-content\/uploads\/2024\/03\/98c6a344-about-right-image.jpg 630w, https:\/\/ligadefutboldelatlantico.com\/wp-content\/uploads\/2024\/03\/98c6a344-about-right-image-600x714.jpg 600w, https:\/\/ligadefutboldelatlantico.com\/wp-content\/uploads\/2024\/03\/98c6a344-about-right-image-252x300.jpg 252w\" sizes=\"(max-width: 630px) 100vw, 630px\" \/>\t\t\t\t\t\t\t\t\t\t\t\t\t\t\t<\/div>\n\t\t\t\t<\/div>\n\t\t\t\t\t<\/div>\n\t\t<\/div>\n\t\t\t\t\t<\/div>\n\t\t<\/section>\n\t\t\t\t<section class=\"elementor-section elementor-inner-section elementor-element elementor-element-c5692a6 elementor-section-boxed elementor-section-height-default elementor-section-height-default\" data-id=\"c5692a6\" data-element_type=\"section\">\n\t\t\t\t\t\t<div class=\"elementor-container elementor-column-gap-wide\">\n\t\t\t\t\t<div class=\"elementor-column elementor-col-50 elementor-inner-column elementor-element elementor-element-04a42bb\" data-id=\"04a42bb\" data-element_type=\"column\" data-settings=\"{&quot;background_background&quot;:&quot;classic&quot;}\">\n\t\t\t<div class=\"elementor-widget-wrap elementor-element-populated\">\n\t\t\t\t\t\t<div class=\"elementor-element elementor-element-c36177b elementor-widget-mobile__width-inherit elementor-widget elementor-widget-heading\" data-id=\"c36177b\" data-element_type=\"widget\" data-widget_type=\"heading.default\">\n\t\t\t\t<div class=\"elementor-widget-container\">\n\t\t\t\t\t<p class=\"elementor-heading-title elementor-size-default\">El objeto de la Liga es fomentar, patrocinar, capacitar y organizar la pr\u00e1ctica del f\u00fatbol y sus modalidades deportivas en el departamento del Atl\u00e1ntico e impulsar programas de inter\u00e9s p\u00fablico y social. Su gran enfoque, se ha desarrollo basado en la pr\u00e1ctica del f\u00fatbol y la educaci\u00f3n, entendiendo la importancia de la fase formativa en los futuros profesionales de este deporte. Su comit\u00e9 ejecutivo, cree fielmente en el poder transformador del balompi\u00e9 y en la gran oportunidad de poder construir sociedad a trav\u00e9s del mismo.<\/p>\t\t\t\t<\/div>\n\t\t\t\t<\/div>\n\t\t\t\t\t<\/div>\n\t\t<\/div>\n\t\t\t\t<div class=\"elementor-column elementor-col-50 elementor-inner-column elementor-element elementor-element-b578f15\" data-id=\"b578f15\" data-element_type=\"column\">\n\t\t\t<div class=\"elementor-widget-wrap elementor-element-populated\">\n\t\t\t\t\t\t<div class=\"elementor-element elementor-element-3177dde elementor-widget elementor-widget-image\" data-id=\"3177dde\" data-element_type=\"widget\" data-widget_type=\"image.default\">\n\t\t\t\t<div class=\"elementor-widget-container\">\n\t\t\t\t\t\t\t\t\t\t\t\t\t\t\t<img decoding=\"async\" width=\"800\" height=\"534\" src=\"https:\/\/ligadefutboldelatlantico.com\/wp-content\/uploads\/2024\/03\/Imagen3-1024x684.jpg\" class=\"attachment-large size-large wp-image-239\" alt=\"\" srcset=\"https:\/\/ligadefutboldelatlantico.com\/wp-content\/uploads\/2024\/03\/Imagen3-1024x684.jpg 1024w, https:\/\/ligadefutboldelatlantico.com\/wp-content\/uploads\/2024\/03\/Imagen3-300x200.jpg 300w, https:\/\/ligadefutboldelatlantico.com\/wp-content\/uploads\/2024\/03\/Imagen3-768x513.jpg 768w, https:\/\/ligadefutboldelatlantico.com\/wp-content\/uploads\/2024\/03\/Imagen3-1536x1025.jpg 1536w, https:\/\/ligadefutboldelatlantico.com\/wp-content\/uploads\/2024\/03\/Imagen3-600x401.jpg 600w, https:\/\/ligadefutboldelatlantico.com\/wp-content\/uploads\/2024\/03\/Imagen3.jpg 1600w\" sizes=\"(max-width: 800px) 100vw, 800px\" \/>\t\t\t\t\t\t\t\t\t\t\t\t\t\t\t<\/div>\n\t\t\t\t<\/div>\n\t\t\t\t\t<\/div>\n\t\t<\/div>\n\t\t\t\t\t<\/div>\n\t\t<\/section>\n\t\t\t\t\t<\/div>\n\t\t<\/div>\n\t\t\t\t\t<\/div>\n\t\t<\/section>\n\t\t\t\t<section class=\"elementor-section elementor-top-section elementor-element elementor-element-6a07c7a elementor-section-boxed elementor-section-height-default elementor-section-height-default\" data-id=\"6a07c7a\" data-element_type=\"section\" data-settings=\"{&quot;background_background&quot;:&quot;classic&quot;}\">\n\t\t\t\t\t\t<div class=\"elementor-container elementor-column-gap-default\">\n\t\t\t\t\t<div class=\"elementor-column elementor-col-50 elementor-top-column elementor-element elementor-element-7ca17da\" data-id=\"7ca17da\" data-element_type=\"column\">\n\t\t\t<div class=\"elementor-widget-wrap elementor-element-populated\">\n\t\t\t\t\t\t<div class=\"elementor-element elementor-element-5c025b5 elementor-widget elementor-widget-heading\" data-id=\"5c025b5\" data-element_type=\"widget\" data-widget_type=\"heading.default\">\n\t\t\t\t<div class=\"elementor-widget-container\">\n\t\t\t\t\t<h2 class=\"elementor-heading-title elementor-size-default\">Misi\u00f3n<\/h2>\t\t\t\t<\/div>\n\t\t\t\t<\/div>\n\t\t\t\t<div class=\"elementor-element elementor-element-0bba00d elementor-widget elementor-widget-text-editor\" data-id=\"0bba00d\" data-element_type=\"widget\" data-widget_type=\"text-editor.default\">\n\t\t\t\t<div class=\"elementor-widget-container\">\n\t\t\t\t\t\t\t\t\t<p>La\u00a0<strong>Liga de F\u00fatbol del Atl\u00e1ntico<\/strong>\u00a0administra el balompi\u00e9 aficionado, en sus diferentes manifestaciones y modalidades; con\u00a0<strong>eficiencia y calidad<\/strong>; logrando satisfacer las necesidades de sus diferentes usuarios. De esta forma, participar en el desarrollo del\u00a0<strong>tejido social del Atl\u00e1ntico, a trav\u00e9s de la pr\u00e1ctica de este deporte.<\/strong><\/p>\t\t\t\t\t\t\t\t<\/div>\n\t\t\t\t<\/div>\n\t\t\t\t\t<\/div>\n\t\t<\/div>\n\t\t\t\t<div class=\"elementor-column elementor-col-50 elementor-top-column elementor-element elementor-element-22e6591\" data-id=\"22e6591\" data-element_type=\"column\">\n\t\t\t<div class=\"elementor-widget-wrap elementor-element-populated\">\n\t\t\t\t\t\t<div class=\"elementor-element elementor-element-0f3b688 elementor-widget elementor-widget-heading\" data-id=\"0f3b688\" data-element_type=\"widget\" data-widget_type=\"heading.default\">\n\t\t\t\t<div class=\"elementor-widget-container\">\n\t\t\t\t\t<h2 class=\"elementor-heading-title elementor-size-default\">Visi\u00f3n<\/h2>\t\t\t\t<\/div>\n\t\t\t\t<\/div>\n\t\t\t\t<div class=\"elementor-element elementor-element-adc4090 elementor-widget elementor-widget-text-editor\" data-id=\"adc4090\" data-element_type=\"widget\" data-widget_type=\"text-editor.default\">\n\t\t\t\t<div class=\"elementor-widget-container\">\n\t\t\t\t\t\t\t\t\t<p>Seremos una entidad\u00a0<strong>deportiva y social autosostenible<\/strong>, l\u00edder en la prestaci\u00f3n de servicios al\u00a0<strong>f\u00fatbol aficionado<\/strong>\u00a0y con presencia en todos los lugares del\u00a0<strong>Departamento del Atl\u00e1ntico<\/strong>, empleando personal\u00a0<strong>altamente calificado, y comprometido\u00a0<\/strong>en la conquista de altos logros en el \u00e1mbito nacional.<\/p>\t\t\t\t\t\t\t\t<\/div>\n\t\t\t\t<\/div>\n\t\t\t\t\t<\/div>\n\t\t<\/div>\n\t\t\t\t\t<\/div>\n\t\t<\/section>\n\t\t\t\t<\/div>\n\t\t","protected":false},"excerpt":{"rendered":"<p>SOBRE NOSOTROS Club History Club History HISTORIA DE LA LIGA La Liga de F\u00fatbol del Atl\u00e1ntico, fundada el 12 de octubre de 1924, es registrada en la historia del f\u00fatbol colombiano como la pionera de todas las ligas deportivas. La Liga de Futbol del Atl\u00e1ntico, ha sido fiel a sus principios de fundaci\u00f3n y de [&hellip;]<\/p>\n","protected":false},"author":4,"featured_media":0,"parent":0,"menu_order":0,"comment_status":"closed","ping_status":"closed","template":"elementor_header_footer","meta":{"footnotes":""},"class_list":["post-38","page","type-page","status-publish","hentry"],"_hostinger_reach_plugin_has_subscription_block":false,"_hostinger_reach_plugin_is_elementor":false,"_links":{"self":[{"href":"https:\/\/ligadefutboldelatlantico.com\/index.php\/wp-json\/wp\/v2\/pages\/38","targetHints":{"allow":["GET"]}}],"collection":[{"href":"https:\/\/ligadefutboldelatlantico.com\/index.php\/wp-json\/wp\/v2\/pages"}],"about":[{"href":"https:\/\/ligadefutboldelatlantico.com\/index.php\/wp-json\/wp\/v2\/types\/page"}],"author":[{"embeddable":true,"href":"https:\/\/ligadefutboldelatlantico.com\/index.php\/wp-json\/wp\/v2\/users\/4"}],"replies":[{"embeddable":true,"href":"https:\/\/ligadefutboldelatlantico.com\/index.php\/wp-json\/wp\/v2\/comments?post=38"}],"version-history":[{"count":41,"href":"https:\/\/ligadefutboldelatlantico.com\/index.php\/wp-json\/wp\/v2\/pages\/38\/revisions"}],"predecessor-version":[{"id":866,"href":"https:\/\/ligadefutboldelatlantico.com\/index.php\/wp-json\/wp\/v2\/pages\/38\/revisions\/866"}],"wp:attachment":[{"href":"https:\/\/ligadefutboldelatlantico.com\/index.php\/wp-json\/wp\/v2\/media?parent=38"}],"curies":[{"name":"wp","href":"https:\/\/api.w.org\/{rel}","templated":true}]}}