{"id":47,"date":"2024-03-21T18:39:49","date_gmt":"2024-03-21T23:39:49","guid":{"rendered":"https:\/index.php\/kickstar-ticket-page\/"},"modified":"2025-02-20T16:28:21","modified_gmt":"2025-02-20T21:28:21","slug":"resoluciones","status":"publish","type":"page","link":"https:\/\/ligadefutboldelatlantico.com\/index.php\/resoluciones\/","title":{"rendered":"Resoluciones &#8211; Liga de futbol Atl\u00e1ntico"},"content":{"rendered":"\t\t<div data-elementor-type=\"wp-page\" data-elementor-id=\"47\" class=\"elementor elementor-47\" data-elementor-post-type=\"page\">\n\t\t\t\t\t\t<section class=\"elementor-section elementor-top-section elementor-element elementor-element-a1e6a5b elementor-section-full_width elementor-section-height-min-height elementor-section-height-default elementor-section-items-middle\" data-id=\"a1e6a5b\" data-element_type=\"section\" data-settings=\"{&quot;background_background&quot;:&quot;classic&quot;}\">\n\t\t\t\t\t\t<div class=\"elementor-container elementor-column-gap-default\">\n\t\t\t\t\t<div class=\"elementor-column elementor-col-100 elementor-top-column elementor-element elementor-element-496ac68\" data-id=\"496ac68\" data-element_type=\"column\">\n\t\t\t<div class=\"elementor-widget-wrap elementor-element-populated\">\n\t\t\t\t\t\t<section class=\"elementor-section elementor-inner-section elementor-element elementor-element-f7c38a7 elementor-section-boxed elementor-section-height-default elementor-section-height-default\" data-id=\"f7c38a7\" data-element_type=\"section\">\n\t\t\t\t\t\t<div class=\"elementor-container elementor-column-gap-default\">\n\t\t\t\t\t<div class=\"elementor-column elementor-col-100 elementor-inner-column elementor-element elementor-element-192610d\" data-id=\"192610d\" data-element_type=\"column\">\n\t\t\t<div class=\"elementor-widget-wrap elementor-element-populated\">\n\t\t\t\t\t\t<div class=\"elementor-element elementor-element-2886ee4 elementor-widget elementor-widget-heading\" data-id=\"2886ee4\" data-element_type=\"widget\" data-widget_type=\"heading.default\">\n\t\t\t\t<div class=\"elementor-widget-container\">\n\t\t\t\t\t<h2 class=\"elementor-heading-title elementor-size-default\">RESOLUCIONES<\/h2>\t\t\t\t<\/div>\n\t\t\t\t<\/div>\n\t\t\t\t\t<\/div>\n\t\t<\/div>\n\t\t\t\t\t<\/div>\n\t\t<\/section>\n\t\t\t\t\t<\/div>\n\t\t<\/div>\n\t\t\t\t\t<\/div>\n\t\t<\/section>\n\t\t\t\t<section class=\"elementor-section elementor-top-section elementor-element elementor-element-f381483 elementor-section-boxed elementor-section-height-default elementor-section-height-default\" data-id=\"f381483\" data-element_type=\"section\" data-settings=\"{&quot;background_background&quot;:&quot;classic&quot;}\">\n\t\t\t\t\t\t<div class=\"elementor-container elementor-column-gap-default\">\n\t\t\t\t\t<div class=\"elementor-column elementor-col-100 elementor-top-column elementor-element elementor-element-112939c\" data-id=\"112939c\" data-element_type=\"column\">\n\t\t\t<div class=\"elementor-widget-wrap elementor-element-populated\">\n\t\t\t\t\t\t<div class=\"elementor-element elementor-element-7b3f74f elementor-grid-3 elementor-grid-tablet-2 elementor-grid-mobile-1 elementor-posts--thumbnail-top elementor-widget elementor-widget-posts\" data-id=\"7b3f74f\" data-element_type=\"widget\" data-settings=\"{&quot;classic_columns&quot;:&quot;3&quot;,&quot;classic_columns_tablet&quot;:&quot;2&quot;,&quot;classic_columns_mobile&quot;:&quot;1&quot;,&quot;classic_row_gap&quot;:{&quot;unit&quot;:&quot;px&quot;,&quot;size&quot;:35,&quot;sizes&quot;:[]},&quot;classic_row_gap_tablet&quot;:{&quot;unit&quot;:&quot;px&quot;,&quot;size&quot;:&quot;&quot;,&quot;sizes&quot;:[]},&quot;classic_row_gap_mobile&quot;:{&quot;unit&quot;:&quot;px&quot;,&quot;size&quot;:&quot;&quot;,&quot;sizes&quot;:[]}}\" data-widget_type=\"posts.classic\">\n\t\t\t\t<div class=\"elementor-widget-container\">\n\t\t\t\t\t\t\t<div class=\"elementor-posts-container elementor-posts elementor-posts--skin-classic elementor-grid\">\n\t\t\t\t<article class=\"elementor-post elementor-grid-item post-3720 post type-post status-publish format-standard hentry category-blog category-resoluciones\">\n\t\t\t\t<div class=\"elementor-post__text\">\n\t\t\t\t<h3 class=\"elementor-post__title\">\n\t\t\t<a href=\"https:\/\/ligadefutboldelatlantico.com\/index.php\/2026\/03\/15\/resolucion-009\/\" >\n\t\t\t\tResoluci\u00f3n 009: Selecci\u00f3n Atl\u00e1ntico Sub 17 del 2026\t\t\t<\/a>\n\t\t<\/h3>\n\t\t\t\t<div class=\"elementor-post__meta-data\">\n\t\t\t\t\t<span class=\"elementor-post-date\">\n\t\t\t15 marzo, 2026\t\t<\/span>\n\t\t\t\t<span class=\"elementor-post-avatar\">\n\t\t\tNo hay comentarios\t\t<\/span>\n\t\t\t\t<\/div>\n\t\t\t\t<div class=\"elementor-post__excerpt\">\n\t\t\t<p>El comit\u00e9 ejecutivo de la Liga de F\u00fatbol del Atl\u00e1ntico, emiten la resoluci\u00f3n 009 del 2026; por medio del cual se convoca&nbsp;&nbsp;a los jugadores para<\/p>\n\t\t<\/div>\n\t\t\n\t\t<a class=\"elementor-post__read-more\" href=\"https:\/\/ligadefutboldelatlantico.com\/index.php\/2026\/03\/15\/resolucion-009\/\" aria-label=\"Read more about Resoluci\u00f3n 009: Selecci\u00f3n Atl\u00e1ntico Sub 17 del 2026\" tabindex=\"-1\" >\n\t\t\tRead More \u00bb\t\t<\/a>\n\n\t\t\t\t<\/div>\n\t\t\t\t<\/article>\n\t\t\t\t<article class=\"elementor-post elementor-grid-item post-3715 post type-post status-publish format-standard hentry category-blog category-resoluciones\">\n\t\t\t\t<div class=\"elementor-post__text\">\n\t\t\t\t<h3 class=\"elementor-post__title\">\n\t\t\t<a href=\"https:\/\/ligadefutboldelatlantico.com\/index.php\/2026\/03\/10\/resolucion-008\/\" >\n\t\t\t\tRESOLUCI\u00d3N 008\t\t\t<\/a>\n\t\t<\/h3>\n\t\t\t\t<div class=\"elementor-post__meta-data\">\n\t\t\t\t\t<span class=\"elementor-post-date\">\n\t\t\t10 marzo, 2026\t\t<\/span>\n\t\t\t\t<span class=\"elementor-post-avatar\">\n\t\t\tNo hay comentarios\t\t<\/span>\n\t\t\t\t<\/div>\n\t\t\t\t<div class=\"elementor-post__excerpt\">\n\t\t\t<p>El comit\u00e9 ejecutivo de la Liga de F\u00fatbol del Atl\u00e1ntico, emiten la resoluci\u00f3n 008 del 2026; por medio de la cual se designa el Cuerpo<\/p>\n\t\t<\/div>\n\t\t\n\t\t<a class=\"elementor-post__read-more\" href=\"https:\/\/ligadefutboldelatlantico.com\/index.php\/2026\/03\/10\/resolucion-008\/\" aria-label=\"Read more about RESOLUCI\u00d3N 008\" tabindex=\"-1\" >\n\t\t\tRead More \u00bb\t\t<\/a>\n\n\t\t\t\t<\/div>\n\t\t\t\t<\/article>\n\t\t\t\t<article class=\"elementor-post elementor-grid-item post-3684 post type-post status-publish format-standard hentry category-resoluciones\">\n\t\t\t\t<div class=\"elementor-post__text\">\n\t\t\t\t<h3 class=\"elementor-post__title\">\n\t\t\t<a href=\"https:\/\/ligadefutboldelatlantico.com\/index.php\/2026\/02\/20\/resolucion-040-penas-y-sanciones\/\" >\n\t\t\t\tResoluci\u00f3n 040: Penas y Sanciones\t\t\t<\/a>\n\t\t<\/h3>\n\t\t\t\t<div class=\"elementor-post__meta-data\">\n\t\t\t\t\t<span class=\"elementor-post-date\">\n\t\t\t20 febrero, 2026\t\t<\/span>\n\t\t\t\t<span class=\"elementor-post-avatar\">\n\t\t\tNo hay comentarios\t\t<\/span>\n\t\t\t\t<\/div>\n\t\t\t\t<div class=\"elementor-post__excerpt\">\n\t\t\t<p>Resoluci\u00f3n 040: Por medio de la cual imponen sanciones y se establecen algunas multas \ud83d\udd17 Ingrese al siguiente enlace y descargue el documento:<\/p>\n\t\t<\/div>\n\t\t\n\t\t<a class=\"elementor-post__read-more\" href=\"https:\/\/ligadefutboldelatlantico.com\/index.php\/2026\/02\/20\/resolucion-040-penas-y-sanciones\/\" aria-label=\"Read more about Resoluci\u00f3n 040: Penas y Sanciones\" tabindex=\"-1\" >\n\t\t\tRead More \u00bb\t\t<\/a>\n\n\t\t\t\t<\/div>\n\t\t\t\t<\/article>\n\t\t\t\t<article class=\"elementor-post elementor-grid-item post-3648 post type-post status-publish format-standard hentry category-resoluciones\">\n\t\t\t\t<div class=\"elementor-post__text\">\n\t\t\t\t<h3 class=\"elementor-post__title\">\n\t\t\t<a href=\"https:\/\/ligadefutboldelatlantico.com\/index.php\/2026\/01\/19\/resolucion-039-penas-y-sanciones\/\" >\n\t\t\t\tResoluci\u00f3n 039: Penas y Sanciones\t\t\t<\/a>\n\t\t<\/h3>\n\t\t\t\t<div class=\"elementor-post__meta-data\">\n\t\t\t\t\t<span class=\"elementor-post-date\">\n\t\t\t19 enero, 2026\t\t<\/span>\n\t\t\t\t<span class=\"elementor-post-avatar\">\n\t\t\tNo hay comentarios\t\t<\/span>\n\t\t\t\t<\/div>\n\t\t\t\t<div class=\"elementor-post__excerpt\">\n\t\t\t<p>\u27a1\ufe0fResoluci\u00f3n 039: Por medio de la cual se sancionan algunas conductas antideportivas. \ud83d\udd17Ingrese al siguiente enlace y descargue el documento:<\/p>\n\t\t<\/div>\n\t\t\n\t\t<a class=\"elementor-post__read-more\" href=\"https:\/\/ligadefutboldelatlantico.com\/index.php\/2026\/01\/19\/resolucion-039-penas-y-sanciones\/\" aria-label=\"Read more about Resoluci\u00f3n 039: Penas y Sanciones\" tabindex=\"-1\" >\n\t\t\tRead More \u00bb\t\t<\/a>\n\n\t\t\t\t<\/div>\n\t\t\t\t<\/article>\n\t\t\t\t<article class=\"elementor-post elementor-grid-item post-3630 post type-post status-publish format-standard hentry category-resoluciones\">\n\t\t\t\t<div class=\"elementor-post__text\">\n\t\t\t\t<h3 class=\"elementor-post__title\">\n\t\t\t<a href=\"https:\/\/ligadefutboldelatlantico.com\/index.php\/2026\/01\/13\/resolucion-002\/\" >\n\t\t\t\tResoluci\u00f3n 002\t\t\t<\/a>\n\t\t<\/h3>\n\t\t\t\t<div class=\"elementor-post__meta-data\">\n\t\t\t\t\t<span class=\"elementor-post-date\">\n\t\t\t13 enero, 2026\t\t<\/span>\n\t\t\t\t<span class=\"elementor-post-avatar\">\n\t\t\tNo hay comentarios\t\t<\/span>\n\t\t\t\t<\/div>\n\t\t\t\t<div class=\"elementor-post__excerpt\">\n\t\t\t<p>La Liga de F\u00fatbol del Atl\u00e1ntico y su Comit\u00e9 Ejecutivo, emiten la resoluci\u00f3n 002 del 2026; por medio de la cual se establecen las cuotas<\/p>\n\t\t<\/div>\n\t\t\n\t\t<a class=\"elementor-post__read-more\" href=\"https:\/\/ligadefutboldelatlantico.com\/index.php\/2026\/01\/13\/resolucion-002\/\" aria-label=\"Read more about Resoluci\u00f3n 002\" tabindex=\"-1\" >\n\t\t\tRead More \u00bb\t\t<\/a>\n\n\t\t\t\t<\/div>\n\t\t\t\t<\/article>\n\t\t\t\t<article class=\"elementor-post elementor-grid-item post-3620 post type-post status-publish format-standard hentry category-resoluciones\">\n\t\t\t\t<div class=\"elementor-post__text\">\n\t\t\t\t<h3 class=\"elementor-post__title\">\n\t\t\t<a href=\"https:\/\/ligadefutboldelatlantico.com\/index.php\/2026\/01\/04\/resolucion-002-asamblea-extraordinaria-2026\/\" >\n\t\t\t\tResoluci\u00f3n 002: Asamblea Extraordinaria 2026\t\t\t<\/a>\n\t\t<\/h3>\n\t\t\t\t<div class=\"elementor-post__meta-data\">\n\t\t\t\t\t<span class=\"elementor-post-date\">\n\t\t\t4 enero, 2026\t\t<\/span>\n\t\t\t\t<span class=\"elementor-post-avatar\">\n\t\t\tNo hay comentarios\t\t<\/span>\n\t\t\t\t<\/div>\n\t\t\t\t<div class=\"elementor-post__excerpt\">\n\t\t\t<p>Conozca la Resoluci\u00f3n 002 del 2026, por medio de la cual se convoca a reuni\u00f3n de asamblea extraordinaria de clubes afiliados a la LIGA DE<\/p>\n\t\t<\/div>\n\t\t\n\t\t<a class=\"elementor-post__read-more\" href=\"https:\/\/ligadefutboldelatlantico.com\/index.php\/2026\/01\/04\/resolucion-002-asamblea-extraordinaria-2026\/\" aria-label=\"Read more about Resoluci\u00f3n 002: Asamblea Extraordinaria 2026\" tabindex=\"-1\" >\n\t\t\tRead More \u00bb\t\t<\/a>\n\n\t\t\t\t<\/div>\n\t\t\t\t<\/article>\n\t\t\t\t<article class=\"elementor-post elementor-grid-item post-3617 post type-post status-publish format-standard hentry category-noticias category-resoluciones\">\n\t\t\t\t<div class=\"elementor-post__text\">\n\t\t\t\t<h3 class=\"elementor-post__title\">\n\t\t\t<a href=\"https:\/\/ligadefutboldelatlantico.com\/index.php\/2026\/01\/02\/resolucion-001-seleccion-atlantico-sub-15-del-2026\/\" >\n\t\t\t\tResoluci\u00f3n 001: Selecci\u00f3n Atl\u00e1ntico Sub 15 del 2026\t\t\t<\/a>\n\t\t<\/h3>\n\t\t\t\t<div class=\"elementor-post__meta-data\">\n\t\t\t\t\t<span class=\"elementor-post-date\">\n\t\t\t2 enero, 2026\t\t<\/span>\n\t\t\t\t<span class=\"elementor-post-avatar\">\n\t\t\tNo hay comentarios\t\t<\/span>\n\t\t\t\t<\/div>\n\t\t\t\t<div class=\"elementor-post__excerpt\">\n\t\t\t<p>\u27a1\ufe0f Resoluci\u00f3n 001: Por medio de la cual se convocan a los jugadores y cuerpo t\u00e9cnico, para conformar nuestra Selecci\u00f3n que representar\u00e1 al Atl\u00e1ntico en<\/p>\n\t\t<\/div>\n\t\t\n\t\t<a class=\"elementor-post__read-more\" href=\"https:\/\/ligadefutboldelatlantico.com\/index.php\/2026\/01\/02\/resolucion-001-seleccion-atlantico-sub-15-del-2026\/\" aria-label=\"Read more about Resoluci\u00f3n 001: Selecci\u00f3n Atl\u00e1ntico Sub 15 del 2026\" tabindex=\"-1\" >\n\t\t\tRead More \u00bb\t\t<\/a>\n\n\t\t\t\t<\/div>\n\t\t\t\t<\/article>\n\t\t\t\t<article class=\"elementor-post elementor-grid-item post-3613 post type-post status-publish format-standard hentry category-blog category-resoluciones\">\n\t\t\t\t<div class=\"elementor-post__text\">\n\t\t\t\t<h3 class=\"elementor-post__title\">\n\t\t\t<a href=\"https:\/\/ligadefutboldelatlantico.com\/index.php\/2026\/01\/01\/resolucion-043-preinscripciones-e-inscripciones-del-torneo-departamental-de-la-liga-de-futbol-del-atlantico-2026\/\" >\n\t\t\t\tResoluci\u00f3n 043: Preinscripciones e inscripciones del Torneo Departamental de la Liga de F\u00fatbol del Atl\u00e1ntico 2026\t\t\t<\/a>\n\t\t<\/h3>\n\t\t\t\t<div class=\"elementor-post__meta-data\">\n\t\t\t\t\t<span class=\"elementor-post-date\">\n\t\t\t1 enero, 2026\t\t<\/span>\n\t\t\t\t<span class=\"elementor-post-avatar\">\n\t\t\tNo hay comentarios\t\t<\/span>\n\t\t\t\t<\/div>\n\t\t\t\t<div class=\"elementor-post__excerpt\">\n\t\t\t<p>\u27a1\ufe0f Resoluci\u00f3n 043: Por medio de la cual se abre el periodo de preinscipciones, se abre el periodo oficial de inscripciones ordinarias y extraordinarias para<\/p>\n\t\t<\/div>\n\t\t\n\t\t<a class=\"elementor-post__read-more\" href=\"https:\/\/ligadefutboldelatlantico.com\/index.php\/2026\/01\/01\/resolucion-043-preinscripciones-e-inscripciones-del-torneo-departamental-de-la-liga-de-futbol-del-atlantico-2026\/\" aria-label=\"Read more about Resoluci\u00f3n 043: Preinscripciones e inscripciones del Torneo Departamental de la Liga de F\u00fatbol del Atl\u00e1ntico 2026\" tabindex=\"-1\" >\n\t\t\tRead More \u00bb\t\t<\/a>\n\n\t\t\t\t<\/div>\n\t\t\t\t<\/article>\n\t\t\t\t<article class=\"elementor-post elementor-grid-item post-3609 post type-post status-publish format-standard hentry category-resoluciones\">\n\t\t\t\t<div class=\"elementor-post__text\">\n\t\t\t\t<h3 class=\"elementor-post__title\">\n\t\t\t<a href=\"https:\/\/ligadefutboldelatlantico.com\/index.php\/2025\/12\/19\/resolucion-038-penas-y-sanciones\/\" >\n\t\t\t\tResoluci\u00f3n 038: Penas y Sanciones\t\t\t<\/a>\n\t\t<\/h3>\n\t\t\t\t<div class=\"elementor-post__meta-data\">\n\t\t\t\t\t<span class=\"elementor-post-date\">\n\t\t\t19 diciembre, 2025\t\t<\/span>\n\t\t\t\t<span class=\"elementor-post-avatar\">\n\t\t\tNo hay comentarios\t\t<\/span>\n\t\t\t\t<\/div>\n\t\t\t\t<div class=\"elementor-post__excerpt\">\n\t\t\t<p>\u27a1\ufe0f Resoluci\u00f3n 038: Por medio de la cual se sancionas conductas antideportivas. \ud83d\udd17Ingrese al siguiente enlace y descargue el documento:<\/p>\n\t\t<\/div>\n\t\t\n\t\t<a class=\"elementor-post__read-more\" href=\"https:\/\/ligadefutboldelatlantico.com\/index.php\/2025\/12\/19\/resolucion-038-penas-y-sanciones\/\" aria-label=\"Read more about Resoluci\u00f3n 038: Penas y Sanciones\" tabindex=\"-1\" >\n\t\t\tRead More \u00bb\t\t<\/a>\n\n\t\t\t\t<\/div>\n\t\t\t\t<\/article>\n\t\t\t\t<\/div>\n\t\t\n\t\t\t\t\t\t<\/div>\n\t\t\t\t<\/div>\n\t\t\t\t\t<\/div>\n\t\t<\/div>\n\t\t\t\t\t<\/div>\n\t\t<\/section>\n\t\t\t\t<\/div>\n\t\t","protected":false},"excerpt":{"rendered":"<p>RESOLUCIONES<\/p>\n","protected":false},"author":4,"featured_media":701,"parent":0,"menu_order":0,"comment_status":"closed","ping_status":"closed","template":"elementor_header_footer","meta":{"footnotes":""},"class_list":["post-47","page","type-page","status-publish","has-post-thumbnail","hentry"],"_hostinger_reach_plugin_has_subscription_block":false,"_hostinger_reach_plugin_is_elementor":false,"_links":{"self":[{"href":"https:\/\/ligadefutboldelatlantico.com\/index.php\/wp-json\/wp\/v2\/pages\/47","targetHints":{"allow":["GET"]}}],"collection":[{"href":"https:\/\/ligadefutboldelatlantico.com\/index.php\/wp-json\/wp\/v2\/pages"}],"about":[{"href":"https:\/\/ligadefutboldelatlantico.com\/index.php\/wp-json\/wp\/v2\/types\/page"}],"author":[{"embeddable":true,"href":"https:\/\/ligadefutboldelatlantico.com\/index.php\/wp-json\/wp\/v2\/users\/4"}],"replies":[{"embeddable":true,"href":"https:\/\/ligadefutboldelatlantico.com\/index.php\/wp-json\/wp\/v2\/comments?post=47"}],"version-history":[{"count":42,"href":"https:\/\/ligadefutboldelatlantico.com\/index.php\/wp-json\/wp\/v2\/pages\/47\/revisions"}],"predecessor-version":[{"id":2406,"href":"https:\/\/ligadefutboldelatlantico.com\/index.php\/wp-json\/wp\/v2\/pages\/47\/revisions\/2406"}],"wp:featuredmedia":[{"embeddable":true,"href":"https:\/\/ligadefutboldelatlantico.com\/index.php\/wp-json\/wp\/v2\/media\/701"}],"wp:attachment":[{"href":"https:\/\/ligadefutboldelatlantico.com\/index.php\/wp-json\/wp\/v2\/media?parent=47"}],"curies":[{"name":"wp","href":"https:\/\/api.w.org\/{rel}","templated":true}]}}