{"id":60,"date":"2024-03-21T18:40:00","date_gmt":"2024-03-21T23:40:00","guid":{"rendered":"https:\/index.php\/kickstar-fixture-page\/"},"modified":"2025-02-20T16:23:27","modified_gmt":"2025-02-20T21:23:27","slug":"programacion","status":"publish","type":"page","link":"https:\/\/ligadefutboldelatlantico.com\/index.php\/programacion\/","title":{"rendered":"Programacion &#8211; Liga de futbol Atl\u00e1ntico"},"content":{"rendered":"\t\t<div data-elementor-type=\"wp-page\" data-elementor-id=\"60\" class=\"elementor elementor-60\" data-elementor-post-type=\"page\">\n\t\t\t\t\t\t<section class=\"elementor-section elementor-top-section elementor-element elementor-element-4946d45 elementor-section-full_width elementor-section-height-min-height elementor-section-height-default elementor-section-items-middle\" data-id=\"4946d45\" data-element_type=\"section\" data-settings=\"{&quot;background_background&quot;:&quot;classic&quot;}\">\n\t\t\t\t\t\t<div class=\"elementor-container elementor-column-gap-default\">\n\t\t\t\t\t<div class=\"elementor-column elementor-col-100 elementor-top-column elementor-element elementor-element-eabe685\" data-id=\"eabe685\" data-element_type=\"column\">\n\t\t\t<div class=\"elementor-widget-wrap elementor-element-populated\">\n\t\t\t\t\t\t<section class=\"elementor-section elementor-inner-section elementor-element elementor-element-0f01312 elementor-section-boxed elementor-section-height-default elementor-section-height-default\" data-id=\"0f01312\" data-element_type=\"section\">\n\t\t\t\t\t\t<div class=\"elementor-container elementor-column-gap-default\">\n\t\t\t\t\t<div class=\"elementor-column elementor-col-100 elementor-inner-column elementor-element elementor-element-cc34a36\" data-id=\"cc34a36\" data-element_type=\"column\">\n\t\t\t<div class=\"elementor-widget-wrap elementor-element-populated\">\n\t\t\t\t\t\t<div class=\"elementor-element elementor-element-f496f1f elementor-widget elementor-widget-heading\" data-id=\"f496f1f\" data-element_type=\"widget\" data-widget_type=\"heading.default\">\n\t\t\t\t<div class=\"elementor-widget-container\">\n\t\t\t\t\t<h2 class=\"elementor-heading-title elementor-size-default\">PROGRAMACI\u00d3N<\/h2>\t\t\t\t<\/div>\n\t\t\t\t<\/div>\n\t\t\t\t\t<\/div>\n\t\t<\/div>\n\t\t\t\t\t<\/div>\n\t\t<\/section>\n\t\t\t\t\t<\/div>\n\t\t<\/div>\n\t\t\t\t\t<\/div>\n\t\t<\/section>\n\t\t\t\t<section class=\"elementor-section elementor-top-section elementor-element elementor-element-d4bf3cb elementor-section-boxed elementor-section-height-default elementor-section-height-default\" data-id=\"d4bf3cb\" data-element_type=\"section\" data-settings=\"{&quot;background_background&quot;:&quot;classic&quot;}\">\n\t\t\t\t\t\t<div class=\"elementor-container elementor-column-gap-default\">\n\t\t\t\t\t<div class=\"elementor-column elementor-col-100 elementor-top-column elementor-element elementor-element-57d13c3\" data-id=\"57d13c3\" data-element_type=\"column\">\n\t\t\t<div class=\"elementor-widget-wrap elementor-element-populated\">\n\t\t\t\t\t\t<div class=\"elementor-element elementor-element-daafea7 elementor-grid-3 elementor-grid-tablet-2 elementor-grid-mobile-1 elementor-posts--thumbnail-top elementor-widget elementor-widget-posts\" data-id=\"daafea7\" data-element_type=\"widget\" data-settings=\"{&quot;classic_columns&quot;:&quot;3&quot;,&quot;classic_columns_tablet&quot;:&quot;2&quot;,&quot;classic_columns_mobile&quot;:&quot;1&quot;,&quot;classic_row_gap&quot;:{&quot;unit&quot;:&quot;px&quot;,&quot;size&quot;:35,&quot;sizes&quot;:[]},&quot;classic_row_gap_tablet&quot;:{&quot;unit&quot;:&quot;px&quot;,&quot;size&quot;:&quot;&quot;,&quot;sizes&quot;:[]},&quot;classic_row_gap_mobile&quot;:{&quot;unit&quot;:&quot;px&quot;,&quot;size&quot;:&quot;&quot;,&quot;sizes&quot;:[]}}\" data-widget_type=\"posts.classic\">\n\t\t\t\t<div class=\"elementor-widget-container\">\n\t\t\t\t\t\t\t<div class=\"elementor-posts-container elementor-posts elementor-posts--skin-classic elementor-grid\">\n\t\t\t\t<article class=\"elementor-post elementor-grid-item post-3812 post type-post status-publish format-standard hentry category-blog category-programacion\">\n\t\t\t\t<div class=\"elementor-post__text\">\n\t\t\t\t<h3 class=\"elementor-post__title\">\n\t\t\t<a href=\"https:\/\/ligadefutboldelatlantico.com\/index.php\/2026\/04\/16\/programacion-actualizada-sabado-18-y-domingo-19-de-abril-del-2026\/\" >\n\t\t\t\tProgramaci\u00f3n actualizada: S\u00e1bado 18 y domingo 19 de abril del 2026\t\t\t<\/a>\n\t\t<\/h3>\n\t\t\t\t<div class=\"elementor-post__meta-data\">\n\t\t\t\t\t<span class=\"elementor-post-date\">\n\t\t\t16 abril, 2026\t\t<\/span>\n\t\t\t\t<span class=\"elementor-post-avatar\">\n\t\t\tNo hay comentarios\t\t<\/span>\n\t\t\t\t<\/div>\n\t\t\t\t<div class=\"elementor-post__excerpt\">\n\t\t\t<p>Programaci\u00f3n Actualizada: S\u00e1bado 18\u00a0\u00a0y domingo 19 se abril del 2026\u00a0\u00a0 \ud83d\udd17Ingrese al siguiente enlace y descargue el documento:<\/p>\n\t\t<\/div>\n\t\t\n\t\t<a class=\"elementor-post__read-more\" href=\"https:\/\/ligadefutboldelatlantico.com\/index.php\/2026\/04\/16\/programacion-actualizada-sabado-18-y-domingo-19-de-abril-del-2026\/\" aria-label=\"Read more about Programaci\u00f3n actualizada: S\u00e1bado 18 y domingo 19 de abril del 2026\" tabindex=\"-1\" >\n\t\t\tRead More \u00bb\t\t<\/a>\n\n\t\t\t\t<\/div>\n\t\t\t\t<\/article>\n\t\t\t\t<article class=\"elementor-post elementor-grid-item post-3805 post type-post status-publish format-standard hentry category-programacion\">\n\t\t\t\t<div class=\"elementor-post__text\">\n\t\t\t\t<h3 class=\"elementor-post__title\">\n\t\t\t<a href=\"https:\/\/ligadefutboldelatlantico.com\/index.php\/2026\/04\/15\/programacion-sabado-18-y-domingo-19-de-abril-del-2026\/\" >\n\t\t\t\tProgramaci\u00f3n: S\u00e1bado 18 y domingo 19 de abril del 2026\t\t\t<\/a>\n\t\t<\/h3>\n\t\t\t\t<div class=\"elementor-post__meta-data\">\n\t\t\t\t\t<span class=\"elementor-post-date\">\n\t\t\t15 abril, 2026\t\t<\/span>\n\t\t\t\t<span class=\"elementor-post-avatar\">\n\t\t\tNo hay comentarios\t\t<\/span>\n\t\t\t\t<\/div>\n\t\t\t\t<div class=\"elementor-post__excerpt\">\n\t\t\t<p>Conozca la programaci\u00f3n establecida para el pr\u00f3ximo s\u00e1bado 18 de abril y domingo 19 de abril del 2026.\u00a0 Ingrese al siguiente enlace y descargue el<\/p>\n\t\t<\/div>\n\t\t\n\t\t<a class=\"elementor-post__read-more\" href=\"https:\/\/ligadefutboldelatlantico.com\/index.php\/2026\/04\/15\/programacion-sabado-18-y-domingo-19-de-abril-del-2026\/\" aria-label=\"Read more about Programaci\u00f3n: S\u00e1bado 18 y domingo 19 de abril del 2026\" tabindex=\"-1\" >\n\t\t\tRead More \u00bb\t\t<\/a>\n\n\t\t\t\t<\/div>\n\t\t\t\t<\/article>\n\t\t\t\t<article class=\"elementor-post elementor-grid-item post-3800 post type-post status-publish format-standard hentry category-programacion\">\n\t\t\t\t<div class=\"elementor-post__text\">\n\t\t\t\t<h3 class=\"elementor-post__title\">\n\t\t\t<a href=\"https:\/\/ligadefutboldelatlantico.com\/index.php\/2026\/04\/09\/programacion-sabado-11-y-domingo-12-de-abril-de-2026\/\" >\n\t\t\t\tProgramaci\u00f3n: S\u00e1bado 11 y domingo 12 de abril de 2026\t\t\t<\/a>\n\t\t<\/h3>\n\t\t\t\t<div class=\"elementor-post__meta-data\">\n\t\t\t\t\t<span class=\"elementor-post-date\">\n\t\t\t9 abril, 2026\t\t<\/span>\n\t\t\t\t<span class=\"elementor-post-avatar\">\n\t\t\tNo hay comentarios\t\t<\/span>\n\t\t\t\t<\/div>\n\t\t\t\t<div class=\"elementor-post__excerpt\">\n\t\t\t<p>Conozca la programaci\u00f3n establecida para el pr\u00f3ximo s\u00e1bado 11 de abril y domingo 12 de abril del 2026.&nbsp; Ingrese al siguiente enlace y descargue el<\/p>\n\t\t<\/div>\n\t\t\n\t\t<a class=\"elementor-post__read-more\" href=\"https:\/\/ligadefutboldelatlantico.com\/index.php\/2026\/04\/09\/programacion-sabado-11-y-domingo-12-de-abril-de-2026\/\" aria-label=\"Read more about Programaci\u00f3n: S\u00e1bado 11 y domingo 12 de abril de 2026\" tabindex=\"-1\" >\n\t\t\tRead More \u00bb\t\t<\/a>\n\n\t\t\t\t<\/div>\n\t\t\t\t<\/article>\n\t\t\t\t<article class=\"elementor-post elementor-grid-item post-3679 post type-post status-publish format-standard hentry category-programacion\">\n\t\t\t\t<div class=\"elementor-post__text\">\n\t\t\t\t<h3 class=\"elementor-post__title\">\n\t\t\t<a href=\"https:\/\/ligadefutboldelatlantico.com\/index.php\/2026\/02\/18\/programacion-21-de-febrero-2026\/\" >\n\t\t\t\tProgramaci\u00f3n: 21 de febrero 2026\t\t\t<\/a>\n\t\t<\/h3>\n\t\t\t\t<div class=\"elementor-post__meta-data\">\n\t\t\t\t\t<span class=\"elementor-post-date\">\n\t\t\t18 febrero, 2026\t\t<\/span>\n\t\t\t\t<span class=\"elementor-post-avatar\">\n\t\t\tNo hay comentarios\t\t<\/span>\n\t\t\t\t<\/div>\n\t\t\t\t<div class=\"elementor-post__excerpt\">\n\t\t\t<p>Conozca la programaci\u00f3n establecida para el pr\u00f3ximo s\u00e1bado 21 de febrero del 2026. Ingrese al siguiente enlace y descargue el documento:<\/p>\n\t\t<\/div>\n\t\t\n\t\t<a class=\"elementor-post__read-more\" href=\"https:\/\/ligadefutboldelatlantico.com\/index.php\/2026\/02\/18\/programacion-21-de-febrero-2026\/\" aria-label=\"Read more about Programaci\u00f3n: 21 de febrero 2026\" tabindex=\"-1\" >\n\t\t\tRead More \u00bb\t\t<\/a>\n\n\t\t\t\t<\/div>\n\t\t\t\t<\/article>\n\t\t\t\t<article class=\"elementor-post elementor-grid-item post-3665 post type-post status-publish format-standard hentry category-programacion\">\n\t\t\t\t<div class=\"elementor-post__text\">\n\t\t\t\t<h3 class=\"elementor-post__title\">\n\t\t\t<a href=\"https:\/\/ligadefutboldelatlantico.com\/index.php\/2026\/02\/04\/programacion-07-y-08-de-febrero\/\" >\n\t\t\t\tProgramaci\u00f3n: 07 y 08 de Febrero\t\t\t<\/a>\n\t\t<\/h3>\n\t\t\t\t<div class=\"elementor-post__meta-data\">\n\t\t\t\t\t<span class=\"elementor-post-date\">\n\t\t\t4 febrero, 2026\t\t<\/span>\n\t\t\t\t<span class=\"elementor-post-avatar\">\n\t\t\tNo hay comentarios\t\t<\/span>\n\t\t\t\t<\/div>\n\t\t\t\t<div class=\"elementor-post__excerpt\">\n\t\t\t<p>\u27a1\ufe0fProgramaci\u00f3n Actualizada: 07 y 08 de Febrero. \ud83d\udd17Ingrese al siguiente enlace y descargue el documento:<\/p>\n\t\t<\/div>\n\t\t\n\t\t<a class=\"elementor-post__read-more\" href=\"https:\/\/ligadefutboldelatlantico.com\/index.php\/2026\/02\/04\/programacion-07-y-08-de-febrero\/\" aria-label=\"Read more about Programaci\u00f3n: 07 y 08 de Febrero\" tabindex=\"-1\" >\n\t\t\tRead More \u00bb\t\t<\/a>\n\n\t\t\t\t<\/div>\n\t\t\t\t<\/article>\n\t\t\t\t<article class=\"elementor-post elementor-grid-item post-3654 post type-post status-publish format-standard hentry category-programacion\">\n\t\t\t\t<div class=\"elementor-post__text\">\n\t\t\t\t<h3 class=\"elementor-post__title\">\n\t\t\t<a href=\"https:\/\/ligadefutboldelatlantico.com\/index.php\/2026\/01\/22\/programacion-actualizada-24-de-enero\/\" >\n\t\t\t\tProgramaci\u00f3n Actualizada: 24 de Enero\t\t\t<\/a>\n\t\t<\/h3>\n\t\t\t\t<div class=\"elementor-post__meta-data\">\n\t\t\t\t\t<span class=\"elementor-post-date\">\n\t\t\t22 enero, 2026\t\t<\/span>\n\t\t\t\t<span class=\"elementor-post-avatar\">\n\t\t\tNo hay comentarios\t\t<\/span>\n\t\t\t\t<\/div>\n\t\t\t\t<div class=\"elementor-post__excerpt\">\n\t\t\t<p>Programaci\u00f3n Actualizada: 24 de Enero. \ud83d\udd17Ingrese al siguiente enlace y descargue el documento:<\/p>\n\t\t<\/div>\n\t\t\n\t\t<a class=\"elementor-post__read-more\" href=\"https:\/\/ligadefutboldelatlantico.com\/index.php\/2026\/01\/22\/programacion-actualizada-24-de-enero\/\" aria-label=\"Read more about Programaci\u00f3n Actualizada: 24 de Enero\" tabindex=\"-1\" >\n\t\t\tRead More \u00bb\t\t<\/a>\n\n\t\t\t\t<\/div>\n\t\t\t\t<\/article>\n\t\t\t\t<article class=\"elementor-post elementor-grid-item post-3651 post type-post status-publish format-standard hentry category-programacion\">\n\t\t\t\t<div class=\"elementor-post__text\">\n\t\t\t\t<h3 class=\"elementor-post__title\">\n\t\t\t<a href=\"https:\/\/ligadefutboldelatlantico.com\/index.php\/2026\/01\/19\/programacion-actualizada-21-de-enero\/\" >\n\t\t\t\tProgramaci\u00f3n Actualizada: 21 de Enero\t\t\t<\/a>\n\t\t<\/h3>\n\t\t\t\t<div class=\"elementor-post__meta-data\">\n\t\t\t\t\t<span class=\"elementor-post-date\">\n\t\t\t19 enero, 2026\t\t<\/span>\n\t\t\t\t<span class=\"elementor-post-avatar\">\n\t\t\tNo hay comentarios\t\t<\/span>\n\t\t\t\t<\/div>\n\t\t\t\t<div class=\"elementor-post__excerpt\">\n\t\t\t<p>\u27a1\ufe0fProgramaci\u00f3n Actualizada: 21 de Enero. \ud83d\udd17Ingrese al siguiente enlace y descargue el documento:<\/p>\n\t\t<\/div>\n\t\t\n\t\t<a class=\"elementor-post__read-more\" href=\"https:\/\/ligadefutboldelatlantico.com\/index.php\/2026\/01\/19\/programacion-actualizada-21-de-enero\/\" aria-label=\"Read more about Programaci\u00f3n Actualizada: 21 de Enero\" tabindex=\"-1\" >\n\t\t\tRead More \u00bb\t\t<\/a>\n\n\t\t\t\t<\/div>\n\t\t\t\t<\/article>\n\t\t\t\t<article class=\"elementor-post elementor-grid-item post-3644 post type-post status-publish format-standard hentry category-programacion\">\n\t\t\t\t<div class=\"elementor-post__text\">\n\t\t\t\t<h3 class=\"elementor-post__title\">\n\t\t\t<a href=\"https:\/\/ligadefutboldelatlantico.com\/index.php\/2026\/01\/14\/programacion-17-y-21-de-enero-del-2026\/\" >\n\t\t\t\tProgramaci\u00f3n: 17 y 21 de Enero del 2026\t\t\t<\/a>\n\t\t<\/h3>\n\t\t\t\t<div class=\"elementor-post__meta-data\">\n\t\t\t\t\t<span class=\"elementor-post-date\">\n\t\t\t14 enero, 2026\t\t<\/span>\n\t\t\t\t<span class=\"elementor-post-avatar\">\n\t\t\tNo hay comentarios\t\t<\/span>\n\t\t\t\t<\/div>\n\t\t\t\t<div class=\"elementor-post__excerpt\">\n\t\t\t<p>\u27a1\ufe0f Programaci\u00f3n: 17 y 21 de Enero del 2026. Ingrese al siguiente enlace y descargue el documento:<\/p>\n\t\t<\/div>\n\t\t\n\t\t<a class=\"elementor-post__read-more\" href=\"https:\/\/ligadefutboldelatlantico.com\/index.php\/2026\/01\/14\/programacion-17-y-21-de-enero-del-2026\/\" aria-label=\"Read more about Programaci\u00f3n: 17 y 21 de Enero del 2026\" tabindex=\"-1\" >\n\t\t\tRead More \u00bb\t\t<\/a>\n\n\t\t\t\t<\/div>\n\t\t\t\t<\/article>\n\t\t\t\t<article class=\"elementor-post elementor-grid-item post-3627 post type-post status-publish format-standard hentry category-programacion\">\n\t\t\t\t<div class=\"elementor-post__text\">\n\t\t\t\t<h3 class=\"elementor-post__title\">\n\t\t\t<a href=\"https:\/\/ligadefutboldelatlantico.com\/index.php\/2026\/01\/10\/programacion-actualizada-12-de-enero\/\" >\n\t\t\t\tProgramaci\u00f3n Actualizada: 12 de Enero\t\t\t<\/a>\n\t\t<\/h3>\n\t\t\t\t<div class=\"elementor-post__meta-data\">\n\t\t\t\t\t<span class=\"elementor-post-date\">\n\t\t\t10 enero, 2026\t\t<\/span>\n\t\t\t\t<span class=\"elementor-post-avatar\">\n\t\t\tNo hay comentarios\t\t<\/span>\n\t\t\t\t<\/div>\n\t\t\t\t<div class=\"elementor-post__excerpt\">\n\t\t\t<p>\u27a1\ufe0fProgramaci\u00f3n Actualizada: 12 de EneroCategor\u00edas 2009 y 2010 \ud83d\udd17Ingrese al siguiente enlace y descargue el documento:<\/p>\n\t\t<\/div>\n\t\t\n\t\t<a class=\"elementor-post__read-more\" href=\"https:\/\/ligadefutboldelatlantico.com\/index.php\/2026\/01\/10\/programacion-actualizada-12-de-enero\/\" aria-label=\"Read more about Programaci\u00f3n Actualizada: 12 de Enero\" tabindex=\"-1\" >\n\t\t\tRead More \u00bb\t\t<\/a>\n\n\t\t\t\t<\/div>\n\t\t\t\t<\/article>\n\t\t\t\t<article class=\"elementor-post elementor-grid-item post-3623 post type-post status-publish format-standard hentry category-programacion\">\n\t\t\t\t<div class=\"elementor-post__text\">\n\t\t\t\t<h3 class=\"elementor-post__title\">\n\t\t\t<a href=\"https:\/\/ligadefutboldelatlantico.com\/index.php\/2026\/01\/07\/programacion-10-y-12-de-enero-2026\/\" >\n\t\t\t\tProgramaci\u00f3n: 10 y 12 de Enero 2026\t\t\t<\/a>\n\t\t<\/h3>\n\t\t\t\t<div class=\"elementor-post__meta-data\">\n\t\t\t\t\t<span class=\"elementor-post-date\">\n\t\t\t7 enero, 2026\t\t<\/span>\n\t\t\t\t<span class=\"elementor-post-avatar\">\n\t\t\tNo hay comentarios\t\t<\/span>\n\t\t\t\t<\/div>\n\t\t\t\t<div class=\"elementor-post__excerpt\">\n\t\t\t<p>\u27a1\ufe0fProgramaci\u00f3n: 10 y 12 de EneroCategor\u00edas 2009 y 2010 \ud83d\udd17Ingrese al siguiente enlace y descargue el documento:<\/p>\n\t\t<\/div>\n\t\t\n\t\t<a class=\"elementor-post__read-more\" href=\"https:\/\/ligadefutboldelatlantico.com\/index.php\/2026\/01\/07\/programacion-10-y-12-de-enero-2026\/\" aria-label=\"Read more about Programaci\u00f3n: 10 y 12 de Enero 2026\" tabindex=\"-1\" >\n\t\t\tRead More \u00bb\t\t<\/a>\n\n\t\t\t\t<\/div>\n\t\t\t\t<\/article>\n\t\t\t\t<article class=\"elementor-post elementor-grid-item post-3604 post type-post status-publish format-standard hentry category-programacion\">\n\t\t\t\t<div class=\"elementor-post__text\">\n\t\t\t\t<h3 class=\"elementor-post__title\">\n\t\t\t<a href=\"https:\/\/ligadefutboldelatlantico.com\/index.php\/2025\/12\/18\/resolucion-037-penas-y-sanciones\/\" >\n\t\t\t\tResoluci\u00f3n 037: Penas y Sanciones\t\t\t<\/a>\n\t\t<\/h3>\n\t\t\t\t<div class=\"elementor-post__meta-data\">\n\t\t\t\t\t<span class=\"elementor-post-date\">\n\t\t\t18 diciembre, 2025\t\t<\/span>\n\t\t\t\t<span class=\"elementor-post-avatar\">\n\t\t\tNo hay comentarios\t\t<\/span>\n\t\t\t\t<\/div>\n\t\t\t\t<div class=\"elementor-post__excerpt\">\n\t\t\t<p>\u27a1\ufe0f Resoluci\u00f3n 037: Por medio de la cual se imponen sanciones y se establecen algunas multas. \ud83d\udd17Ingrese al siguiente enlace y descargue el documento:<\/p>\n\t\t<\/div>\n\t\t\n\t\t<a class=\"elementor-post__read-more\" href=\"https:\/\/ligadefutboldelatlantico.com\/index.php\/2025\/12\/18\/resolucion-037-penas-y-sanciones\/\" aria-label=\"Read more about Resoluci\u00f3n 037: Penas y Sanciones\" tabindex=\"-1\" >\n\t\t\tRead More \u00bb\t\t<\/a>\n\n\t\t\t\t<\/div>\n\t\t\t\t<\/article>\n\t\t\t\t<article class=\"elementor-post elementor-grid-item post-3601 post type-post status-publish format-standard hentry category-programacion\">\n\t\t\t\t<div class=\"elementor-post__text\">\n\t\t\t\t<h3 class=\"elementor-post__title\">\n\t\t\t<a href=\"https:\/\/ligadefutboldelatlantico.com\/index.php\/2025\/12\/17\/programacion-18-19-20-21-22-y-23-de-diciembre\/\" >\n\t\t\t\tProgramaci\u00f3n: 18, 19, 20, 21, 22 y 23 de diciembre\t\t\t<\/a>\n\t\t<\/h3>\n\t\t\t\t<div class=\"elementor-post__meta-data\">\n\t\t\t\t\t<span class=\"elementor-post-date\">\n\t\t\t17 diciembre, 2025\t\t<\/span>\n\t\t\t\t<span class=\"elementor-post-avatar\">\n\t\t\tNo hay comentarios\t\t<\/span>\n\t\t\t\t<\/div>\n\t\t\t\t<div class=\"elementor-post__excerpt\">\n\t\t\t<p>\u00a1Vamos a disfrutar de todo el talento de nuestro departamento! \ud83e\udee1\ud83c\uddee\ud83c\udde9 \u27a1\ufe0f Programaci\u00f3n: 18, 19, 20, 21, 22 y 23 de Diciembre. Ingresa al siguiente<\/p>\n\t\t<\/div>\n\t\t\n\t\t<a class=\"elementor-post__read-more\" href=\"https:\/\/ligadefutboldelatlantico.com\/index.php\/2025\/12\/17\/programacion-18-19-20-21-22-y-23-de-diciembre\/\" aria-label=\"Read more about Programaci\u00f3n: 18, 19, 20, 21, 22 y 23 de diciembre\" tabindex=\"-1\" >\n\t\t\tRead More \u00bb\t\t<\/a>\n\n\t\t\t\t<\/div>\n\t\t\t\t<\/article>\n\t\t\t\t<\/div>\n\t\t\n\t\t\t\t\t\t<\/div>\n\t\t\t\t<\/div>\n\t\t\t\t\t<\/div>\n\t\t<\/div>\n\t\t\t\t\t<\/div>\n\t\t<\/section>\n\t\t\t\t<\/div>\n\t\t","protected":false},"excerpt":{"rendered":"<p>PROGRAMACI\u00d3N<\/p>\n","protected":false},"author":4,"featured_media":0,"parent":0,"menu_order":0,"comment_status":"closed","ping_status":"closed","template":"elementor_header_footer","meta":{"footnotes":""},"class_list":["post-60","page","type-page","status-publish","hentry"],"_hostinger_reach_plugin_has_subscription_block":false,"_hostinger_reach_plugin_is_elementor":false,"_links":{"self":[{"href":"https:\/\/ligadefutboldelatlantico.com\/index.php\/wp-json\/wp\/v2\/pages\/60","targetHints":{"allow":["GET"]}}],"collection":[{"href":"https:\/\/ligadefutboldelatlantico.com\/index.php\/wp-json\/wp\/v2\/pages"}],"about":[{"href":"https:\/\/ligadefutboldelatlantico.com\/index.php\/wp-json\/wp\/v2\/types\/page"}],"author":[{"embeddable":true,"href":"https:\/\/ligadefutboldelatlantico.com\/index.php\/wp-json\/wp\/v2\/users\/4"}],"replies":[{"embeddable":true,"href":"https:\/\/ligadefutboldelatlantico.com\/index.php\/wp-json\/wp\/v2\/comments?post=60"}],"version-history":[{"count":24,"href":"https:\/\/ligadefutboldelatlantico.com\/index.php\/wp-json\/wp\/v2\/pages\/60\/revisions"}],"predecessor-version":[{"id":2402,"href":"https:\/\/ligadefutboldelatlantico.com\/index.php\/wp-json\/wp\/v2\/pages\/60\/revisions\/2402"}],"wp:attachment":[{"href":"https:\/\/ligadefutboldelatlantico.com\/index.php\/wp-json\/wp\/v2\/media?parent=60"}],"curies":[{"name":"wp","href":"https:\/\/api.w.org\/{rel}","templated":true}]}}